{"id":631,"date":"2015-06-10T10:29:24","date_gmt":"2015-06-10T08:29:24","guid":{"rendered":"http:\/\/www.iga.cz\/?page_id=631"},"modified":"2015-06-17T17:58:19","modified_gmt":"2015-06-17T15:58:19","slug":"pensjonat-iga","status":"publish","type":"page","link":"https:\/\/www.iga.cz\/?page_id=631","title":{"rendered":"Pensjonat IGA"},"content":{"rendered":"<h2><strong><span style=\"text-decoration: underline;\">Witamy w Jindrichovie Hradecu<\/span><\/strong><\/h2>\n<h4><em>Miastecko Jindrichuv Hradec lezy nad stawem Vajgar z renesansowymi domami i pienknym histori\u010dnym zamkem. Pensjonat IGA oferuje komfortowe zakwaterowanie w samym sercu tego pi\u0119knego miasta a mas po\u010dutie p\u0159ebyvania na wsi.<\/em><\/h4>\n<hr \/>\n<p><strong>Noclegi Jindrichuv Hradec Pensjonat Iga: us\u0142ugi<\/strong><\/p>\n<p><strong>\u015aniadanie serwowane jest w pokoju. Mo\u017cliwo\u015b\u0107 pod\u0142\u0105czenia do Internetu. Pokoje s\u0105 wyposa\u017cone w podw\u00f3jne \u0142\u00f3\u017cka, ktore na \u017c\u0105danie mogom by\u0107 rozdzielone. Na podw\u00f3rku mo\u017cna posiedzie\u0107 przy kominku w pi\u0119knie utrzymanym ogr\u00f3dzie pe\u0142nym zieleni. Na parterze znajduje si\u0119 salon fryzjerski kt\u00f3ry oferuje przyst\u0119pne ceny wszystkich swoich us\u0142ug. W budynku znajduje sie tak\u017ce firma IGA COLLECTION , k\u00f3ra produkuje odzie\u017c damsk\u0105 i niestandardowe szycie. Masz tutaj r\u00f3wnie\u017c opcj\u0119 ubrania sie . Znajduje si\u0119 tu sklep z odzie\u017c\u0105 i galanteria. Personel jest gotowy, aby zapewni\u0107 Pa\u0144stwu wiele informacji i materia\u0142\u00f3w promocyjnych o mo\u017cliwo\u015bciach wyjazd\u00f3w. (Zob. <a href=\"https:\/\/www.iga.cz\/?page_id=661\">Typy na wycieczki)<\/a><\/strong><\/p>\n<hr \/>\n<h2><strong>Ksi\u0119ga go\u015bci<\/strong><\/h2>\n<p>[gwolle_gb]<\/p>\n<hr \/>\n<h2><\/h2>\n","protected":false},"excerpt":{"rendered":"<p>Witamy w Jindrichovie Hradecu Miastecko Jindrichuv Hradec lezy nad stawem Vajgar z renesansowymi domami i pienknym histori\u010dnym zamkem. Pensjonat IGA oferuje komfortowe zakwaterowanie w samym sercu tego pi\u0119knego miasta a mas po\u010dutie p\u0159ebyvania na wsi. Noclegi Jindrichuv Hradec Pensjonat Iga: us\u0142ugi \u015aniadanie serwowane jest w pokoju. Mo\u017cliwo\u015b\u0107 pod\u0142\u0105czenia do Internetu. Pokoje s\u0105 wyposa\u017cone w podw\u00f3jne&hellip; <br \/> <a class=\"read-more\" href=\"https:\/\/www.iga.cz\/?page_id=631\">V\u00edce<\/a><\/p>\n","protected":false},"author":2,"featured_media":0,"parent":0,"menu_order":0,"comment_status":"closed","ping_status":"closed","template":"","meta":{"footnotes":""},"class_list":["post-631","page","type-page","status-publish","hentry"],"jetpack_sharing_enabled":true,"_links":{"self":[{"href":"https:\/\/www.iga.cz\/index.php?rest_route=\/wp\/v2\/pages\/631","targetHints":{"allow":["GET"]}}],"collection":[{"href":"https:\/\/www.iga.cz\/index.php?rest_route=\/wp\/v2\/pages"}],"about":[{"href":"https:\/\/www.iga.cz\/index.php?rest_route=\/wp\/v2\/types\/page"}],"author":[{"embeddable":true,"href":"https:\/\/www.iga.cz\/index.php?rest_route=\/wp\/v2\/users\/2"}],"replies":[{"embeddable":true,"href":"https:\/\/www.iga.cz\/index.php?rest_route=%2Fwp%2Fv2%2Fcomments&post=631"}],"version-history":[{"count":22,"href":"https:\/\/www.iga.cz\/index.php?rest_route=\/wp\/v2\/pages\/631\/revisions"}],"predecessor-version":[{"id":854,"href":"https:\/\/www.iga.cz\/index.php?rest_route=\/wp\/v2\/pages\/631\/revisions\/854"}],"wp:attachment":[{"href":"https:\/\/www.iga.cz\/index.php?rest_route=%2Fwp%2Fv2%2Fmedia&parent=631"}],"curies":[{"name":"wp","href":"https:\/\/api.w.org\/{rel}","templated":true}]}}