{"id":22,"date":"2015-05-06T23:44:25","date_gmt":"2015-05-06T21:44:25","guid":{"rendered":"http:\/\/www.iga.cz\/?page_id=22"},"modified":"2020-08-26T11:47:35","modified_gmt":"2020-08-26T09:47:35","slug":"kontakt","status":"publish","type":"page","link":"https:\/\/www.iga.cz\/?page_id=22","title":{"rendered":"Kontakt"},"content":{"rendered":"<hr>\n<h3><em><span style=\"color: #000000;\"><strong>Jan Chl\u00e1dek<\/strong><\/span><\/em><\/h3>\n<p><span style=\"color: #000000;\"><strong>Penzion IGA, Jind\u0159ich\u016fv Hradec, R\u016f\u017eov\u00e1 5\/II<\/strong><\/span><\/p>\n<p><strong><span style=\"color: #000000;\"><span style=\"vertical-align: inherit;\"><span style=\"vertical-align: inherit;\">E-mail: <\/span><\/span><a href=\"mailto:iga@iga.cz\"><span style=\"vertical-align: inherit;\"><span style=\"vertical-align: inherit;\">iga@iga.cz<\/span><\/span><\/a><\/span><\/strong><\/p>\n<p><strong><span style=\"color: #000000;\">Pevn\u00e1 linka :<\/span> <span style=\"color: #0000ff;\">+420 384 324 652<\/span><\/strong><\/p>\n<p><span style=\"color: #000000;\"><strong><span style=\"vertical-align: inherit;\"><span style=\"vertical-align: inherit;\">Tel .: <\/span><\/span><span style=\"color: #0000ff;\"><span style=\"vertical-align: inherit;\"><span style=\"vertical-align: inherit;\">+ 420 608 260 103, +420 777 260 103<\/span><\/span><\/span><\/strong><\/span><\/p>\n<p><span style=\"color: #000000;\"><strong><span style=\"vertical-align: inherit;\"><span style=\"vertical-align: inherit;\">GPS: 49,1458439N, 15,0047461E<\/span><\/span><\/strong><\/span><\/p>\n<div>\n<hr>\n<p><iframe loading=\"lazy\" style=\"border: 0;\" src=\"https:\/\/www.google.com\/maps\/embed?pb=!1m18!1m12!1m3!1d2609.879434420159!2d15.004797500000002!3d49.145913500000006!2m3!1f0!2f0!3f0!3m2!1i1024!2i768!4f13.1!3m3!1m2!1s0x470cce20b357f7c3%3A0x2c5d8b614571f75!2sPenzion+Iga!5e0!3m2!1scs!2scz!4v1436444096542\" width=\"400\" height=\"300\" frameborder=\"0\" allowfullscreen=\"allowfullscreen\"><\/iframe><\/p>\n<\/div>\n","protected":false},"excerpt":{"rendered":"<p>Jan Chl\u00e1dek Penzion IGA, Jind\u0159ich\u016fv Hradec, R\u016f\u017eov\u00e1 5\/II E-mail: iga@iga.cz Pevn\u00e1 linka : +420 384 324 652 Tel .: + 420 608 260 103, +420 777 260 103 GPS: 49,1458439N, 15,0047461E<\/p>\n","protected":false},"author":2,"featured_media":0,"parent":0,"menu_order":1,"comment_status":"closed","ping_status":"closed","template":"","meta":{"footnotes":""},"class_list":["post-22","page","type-page","status-publish","hentry"],"jetpack_sharing_enabled":true,"_links":{"self":[{"href":"https:\/\/www.iga.cz\/index.php?rest_route=\/wp\/v2\/pages\/22","targetHints":{"allow":["GET"]}}],"collection":[{"href":"https:\/\/www.iga.cz\/index.php?rest_route=\/wp\/v2\/pages"}],"about":[{"href":"https:\/\/www.iga.cz\/index.php?rest_route=\/wp\/v2\/types\/page"}],"author":[{"embeddable":true,"href":"https:\/\/www.iga.cz\/index.php?rest_route=\/wp\/v2\/users\/2"}],"replies":[{"embeddable":true,"href":"https:\/\/www.iga.cz\/index.php?rest_route=%2Fwp%2Fv2%2Fcomments&post=22"}],"version-history":[{"count":37,"href":"https:\/\/www.iga.cz\/index.php?rest_route=\/wp\/v2\/pages\/22\/revisions"}],"predecessor-version":[{"id":1302,"href":"https:\/\/www.iga.cz\/index.php?rest_route=\/wp\/v2\/pages\/22\/revisions\/1302"}],"wp:attachment":[{"href":"https:\/\/www.iga.cz\/index.php?rest_route=%2Fwp%2Fv2%2Fmedia&parent=22"}],"curies":[{"name":"wp","href":"https:\/\/api.w.org\/{rel}","templated":true}]}}