{"id":19,"date":"2015-05-06T23:41:19","date_gmt":"2015-05-06T21:41:19","guid":{"rendered":"http:\/\/www.iga.cz\/?page_id=19"},"modified":"2015-06-10T10:54:57","modified_gmt":"2015-06-10T08:54:57","slug":"tipy-na-vylet","status":"publish","type":"page","link":"https:\/\/www.iga.cz\/?page_id=19","title":{"rendered":"Tipy na v\u00fdlet"},"content":{"rendered":"<h1 style=\"text-align: center;\"><strong>Rozcestn\u00edk :<\/strong><\/h1>\n<h2 style=\"text-align: center;\"><strong><a href=\"https:\/\/www.iga.cz\/?page_id=122\">P\u011b\u0161\u00ed po m\u011bst\u011b<\/a><\/strong><\/h2>\n<h2 style=\"text-align: center;\"><strong><a href=\"https:\/\/www.iga.cz\/?page_id=136\">P\u011b\u0161ky, na kole, autem, autobusem a vlakem<\/a>\u00a0<\/strong><\/h2>\n<h3 style=\"text-align: center;\"><\/h3>\n","protected":false},"excerpt":{"rendered":"<p>Rozcestn\u00edk : P\u011b\u0161\u00ed po m\u011bst\u011b P\u011b\u0161ky, na kole, autem, autobusem a vlakem\u00a0<\/p>\n","protected":false},"author":2,"featured_media":0,"parent":0,"menu_order":0,"comment_status":"closed","ping_status":"closed","template":"","meta":{"footnotes":""},"class_list":["post-19","page","type-page","status-publish","hentry"],"jetpack_sharing_enabled":true,"_links":{"self":[{"href":"https:\/\/www.iga.cz\/index.php?rest_route=\/wp\/v2\/pages\/19","targetHints":{"allow":["GET"]}}],"collection":[{"href":"https:\/\/www.iga.cz\/index.php?rest_route=\/wp\/v2\/pages"}],"about":[{"href":"https:\/\/www.iga.cz\/index.php?rest_route=\/wp\/v2\/types\/page"}],"author":[{"embeddable":true,"href":"https:\/\/www.iga.cz\/index.php?rest_route=\/wp\/v2\/users\/2"}],"replies":[{"embeddable":true,"href":"https:\/\/www.iga.cz\/index.php?rest_route=%2Fwp%2Fv2%2Fcomments&post=19"}],"version-history":[{"count":12,"href":"https:\/\/www.iga.cz\/index.php?rest_route=\/wp\/v2\/pages\/19\/revisions"}],"predecessor-version":[{"id":375,"href":"https:\/\/www.iga.cz\/index.php?rest_route=\/wp\/v2\/pages\/19\/revisions\/375"}],"wp:attachment":[{"href":"https:\/\/www.iga.cz\/index.php?rest_route=%2Fwp%2Fv2%2Fmedia&parent=19"}],"curies":[{"name":"wp","href":"https:\/\/api.w.org\/{rel}","templated":true}]}}