{"id":1472,"date":"2024-04-25T22:48:34","date_gmt":"2024-04-25T20:48:34","guid":{"rendered":"https:\/\/www.iga.cz\/?page_id=1472"},"modified":"2026-01-31T19:21:44","modified_gmt":"2026-01-31T18:21:44","slug":"mesmerize","status":"publish","type":"page","link":"https:\/\/www.iga.cz\/","title":{"rendered":"Front Page"},"content":{"rendered":"<div  id=\"jednoduchost\" style=\"background-color: #ffffff;\" data-label=\"Jednoduchost\" data-id=\"features-ov-4-mc\" data-export-id=\"features-ov-4-mc\" data-category=\"features\" class=\"features-ov-4-mc content-section content-section-spacing\"><div  class=\"gridContainer\"> <div  data-type=\"row\" class=\"row spaced-cols text-center\"><div  class=\"col-xs-12 col-sm-4 col-padding\"> <a  data-cp-link=\"1\" href=\"https:\/\/www.iga.cz?page_id=22\" target=\"_self\" rel=\"noopener\"><i  class=\"fa icon shadow-large-black aligncenter color1 fa-at reverse round large\"><\/i><\/a> <div  data-type=\"column\" class=\"\"> <h5  class=\"font-400\">KONTAKT<\/h5> <p  class=\"\">Ozv\u011bte se n\u00e1m a my v\u00e1m r\u00e1di porad\u00edme s rezervac\u00ed i tipy na v\u00fdlety.<\/p><\/div> <\/div> <div  class=\"col-xs-12 col-sm-4 col-padding\"> <a  data-cp-link=\"1\" href=\"https:\/\/www.iga.cz?page_id=11\" target=\"_self\" rel=\"noopener\"><i  class=\"fa icon shadow-large-black aligncenter color2 fa-hotel reverse round large\"><\/i><\/a> <div  data-type=\"column\" class=\"\"><h5  class=\"font-400\">UBYTOVAN\u00cd<\/h5> <p  class=\"\">Pohodln\u00e9 pokoje p\u0159\u00edmo v srdci Jind\u0159ichova Hradce. Ide\u00e1ln\u00ed pro relax i objevov\u00e1n\u00ed m\u011bsta.<\/p><\/div> <\/div> <div  class=\"col-xs-12 col-sm-4 col-padding\"> <a  data-cp-link=\"1\" href=\"https:\/\/www.iga.cz?page_id=36\" target=\"_self\" rel=\"noopener\"><i  class=\"fa icon shadow-large-black aligncenter color4 fa-calendar-check-o reverse round large\"><\/i><\/a> <div  data-type=\"column\" class=\"\"><h5  class=\"font-400\">REZERVA\u010cN\u00cd FORMUL\u00c1\u0158<\/h5> <p  class=\"\">Rezervujte si sv\u016fj pobyt rychle a jednodu\u0161e online. T\u011b\u0161\u00edme se na v\u00e1s!<\/p><\/div> <\/div><\/div> <\/div><\/div><div  id=\"o-nas\" style=\"background-color: #f5fafd;\" data-label=\"O nas\" data-id=\"about-images-right-section-mc\" data-export-id=\"about-images-right-section-mc\" data-bullets-visibility=\"true\" data-category=\"about\" class=\"about-images-right-section-mc content-section content-section-spacing\"><div  class=\"gridContainer\"> <div  class=\"row middle-sm text-center\"><div  class=\"col-sm-5 content-left-sm\" data-type=\"column\"> <h5  class=\"\">Co vlastn\u011b d\u011bl\u00e1me?<\/h5> <h2  class=\"\"><font  face=\"Playfair Display, sans-serif\"><b ><i >Ubytujeme<\/i><\/b><\/font>&nbsp;V\u00e1s i Va\u0161e p\u0159\u00e1tele!<\/h2> <p  class=\"\">Jednodu\u0161e, \u010distotn\u011b, levn\u011b.<\/p> <a  class=\"button color1\" href=\"https:\/\/www.iga.cz?page_id=15\" target=\"_self\" data-cp-link=\"1\" rel=\"noopener\">Mrkn\u011bte se na fotky!<\/a><\/div> <div  class=\"col-sm-7 space-bottom-xs\"><div  class=\"image-group-side-3-img\"> <img  decoding=\"async\" class=\"topimg shadow-large\" src=\"https:\/\/www.iga.cz\/wp-content\/uploads\/2024\/04\/cropped-cropped-309311469_796981821473488_5482821398135736429_n-2-1.jpg\" title=\"cropped-cropped-309311469_796981821473488_5482821398135736429_n-2-1.jpg\" alt=\"\"> <img  decoding=\"async\" class=\"rightimg shadow-large\" src=\"https:\/\/www.iga.cz\/wp-content\/uploads\/2024\/09\/cropped-WhatsApp-Image-2024-09-02-at-19.58.23.jpeg\" title=\"cropped-WhatsApp-Image-2024-09-02-at-19.58.23.jpeg\" alt=\"\"> <div  class=\"leftimg\"> <img  decoding=\"async\" class=\"shadow-large\" src=\"https:\/\/www.iga.cz\/wp-content\/uploads\/2024\/09\/cropped-WhatsApp-Image-2024-09-02-at-19.58.24-1-1.jpeg\" title=\"cropped-WhatsApp-Image-2024-09-02-at-19.58.24-1-1.jpeg\" alt=\"\"><\/div> <\/div><\/div> <\/div><\/div> <\/div><div  id=\"my\" style=\"background-color: #f5fafd;\" data-label=\"My\" data-id=\"cta-blue-section-mc\" data-export-id=\"cta-blue-section-mc\" data-category=\"cta\" class=\"cta-blue-section-mc content-section content-section-spacing le_cocktail white-text\"><div  class=\"gridContainer\"> <div  class=\"row middle-xs\"><div  class=\"col-sm-8 space-bottom-xs\" data-type=\"column\"> <h2  class=\"\">Rezervujte si noc u n\u00e1s!<\/h2> <h5  class=\"\">Jind\u0159ich\u016fv Hradec, malebn\u00e9 m\u011bsto u rybn\u00edka Vajgar s renesan\u010dn\u00edmi domy a rozlehl\u00fdm z\u00e1meck\u00fdm are\u00e1lem, pat\u0159\u00ed mezi m\u011bstsk\u00e9 pam\u00e1tkov\u00e9 rezervace.\n<br ><br ><br >Penzion IGA v\u00e1m nab\u00edz\u00ed p\u0159\u00edjemn\u00e9 a komfortn\u00ed ubytov\u00e1n\u00ed p\u0159\u00edmo v centru tohoto kr\u00e1sn\u00e9ho m\u011bsta.<br >Penzion se nach\u00e1z\u00ed v bezprost\u0159edn\u00ed bl\u00edzkosti Aqua show sv. Flori\u00e1n, kde se sv\u011bteln\u00e9 obrazce a efekty vytv\u00e1\u0159en\u00e9 kapkami padaj\u00edc\u00ed vody snoub\u00ed s p\u016fsobivou hudbou. Tento jedine\u010dn\u00fd emotivn\u00ed z\u00e1\u017eitek si b\u011bhem sv\u00e9ho pobytu rozhodn\u011b nenechte uj\u00edt.<\/h5><\/div> <div  class=\"col-sm-4 end-sm\" data-type=\"column\"> <a  class=\"button color2\" href=\"https:\/\/www.iga.cz?page_id=36\" target=\"_self\" data-cp-link=\"1\" rel=\"noopener\">REZERVOVAT NYN\u00cd!<\/a><\/div> <\/div><\/div> <\/div><div  id=\"novinky\" style=\"background-color: #f5fafd;\" data-label=\"Novinky\" data-id=\"blog-section-mc\" data-export-id=\"blog-section-mc\" data-category=\"latest_news\" class=\"blog-section-mc blog-section-standard content-section content-section-spacing\"><div  class=\"gridContainer\"> <div  class=\"row\"><div  data-type=\"column\" class=\"section-title-col\"> <h5  class=\"\">Milujeme novinky! Milujeme akce! Milujeme Jid\u0159ich\u016fv Hradec!&nbsp;<\/h5> <h2  class=\"\">Posledn\u00ed novinky \u010di p\u0159ipravovan\u00e9 akce z Jind\u0159ichova Hradce.<\/h2> <\/div> <\/div> <div  class=\"row\"> <div  data-type=\"row\" data-dynamic-columns=\"handled\" data-content-shortcode=\"mesmerize_latest_news posts=&quot;3&quot;\">\t\t<div class=\"row center-sm content-left-sm\">\n\t\t\t\t\t<div id=\"post-1664\" class=\"col-sm-6 col-md-4 space-bottom space-bottom-xs\">\n\t\t\t\t<div class=\"post-content card y-move bordered\">\n\t\t\t\t\t<div class=\"post-thumbnail\">\n   <a href=\"https:\/\/www.iga.cz\/?p=1664\" class=\"post-list-item-thumb \">\n      <img loading=\"lazy\" decoding=\"async\" width=\"320\" height=\"400\" src=\"https:\/\/www.iga.cz\/wp-content\/uploads\/2024\/11\/image.png\" class=\"attachment-post-thumbnail size-post-thumbnail wp-post-image\" alt=\"\" srcset=\"https:\/\/www.iga.cz\/wp-content\/uploads\/2024\/11\/image.png 320w, https:\/\/www.iga.cz\/wp-content\/uploads\/2024\/11\/image-240x300.png 240w\" sizes=\"auto, (max-width: 320px) 100vw, 320px\" \/>   <\/a>\n<\/div>\n\t\t\t\t\t<div class=\"col-padding col-padding-xs\">\n\t\t\t\t\t\t<h3 class=\"post-title space-bottom-small\">\n\t\t\t\t\t\t\t<a href=\"https:\/\/www.iga.cz\/?p=1664\" rel=\"bookmark\">\n\t\t\t\t\t\t\t\tXXXII. Ples m\u011bsta\t\t\t\t\t\t\t<\/a>\n\t\t\t\t\t\t<\/h3>\n\t\t\t\t\t\t<p>M\u011bstsk\u00e1 kultura Jind\u0159ich\u016fv Hradec ve spolupr\u00e1ci s DS Jablonsk\u00fd Jind\u0159ich\u016fv Hradec chyst\u00e1 \u010certovsk\u00e9 odpoledne. To vypukne ve \u010dtvrtek 5. prosince od 17:00 v divadeln\u00edm s\u00e1le KD St\u0159elnice. Na d\u011bti \u010dek\u00e1 z\u00e1bava s Mikul\u00e1\u0161em, and\u011bly a \u010derty. Pro v\u0161echny mal\u00e9 n\u00e1v\u0161t\u011bvn\u00edky je p\u0159ipraven d\u00e1re\u010dek.<\/p>\n\t\t\t\t\t\t<a class=\"read-more link\" href=\"https:\/\/www.iga.cz\/?p=1664\">\n\t\t\t\t\t\t\tRead more\t\t\t\t\t\t<\/a>\n\t\t\t\t\t<\/div>\n\t\t\t\t<\/div>\n\t\t\t<\/div>\n\t\t\t\t<\/div>\n\t<\/div><\/div> <div  class=\"row\"><div  class=\"text-center\"> <a  class=\"button color1\" data-attr-shortcode=\"href:mesmerize_blog_link\" href=\"https:\/\/www.iga.cz\/?page_id=794\">Mrkn\u011bte na n\u00e1\u0161 blog.<\/a><\/div> <\/div><\/div><\/div><div  id=\"kontakt\" style=\"background-color: #ffffff;\" data-label=\"Kontakt\" data-id=\"contact-1-mc\" data-export-id=\"contact-1-mc\" data-bullets-visibility=\"true\" data-category=\"contact\" class=\"contact-1-mc content-section content-section-spacing white-text\" data-parallax-depth=\"20\"><div  class=\"gridContainer\"> <div  class=\"row text-center\"><div  class=\"section-title-col\" data-type=\"column\"> <h5  class=\"\">JSME TU PRO V\u00c1S!<\/h5> <h2  class=\"\">Kontaktujte n\u00e1s.<\/h2> <p  class=\"lead\">Nev\u00e1hejte n\u00e1s kontaktovat prost\u0159ednictv\u00edm formul\u00e1\u0159e. Ozveme se v\u00e1m co nejd\u0159\u00edve.<\/p><\/div> <\/div> <div  class=\"row text-center\"> <div  class=\"col-xs-12 col-sm-8 col-sm-offset-2 contact-form-wrapper inline-info\"> <div  class=\"card large-padding\"> <div  class=\"\" data-content-shortcode=\"mesmerize_contact_form shortcode=&quot;wpforms id=&amp;amp;quot;1476&amp;amp;quot;&quot;\" data-editable=\"true\"><style id=\"wpforms-css-vars-1476\">\n\t\t\t\t#wpforms-1476 {\n\t\t\t\t\n\t\t\t}\n\t\t\t<\/style><div class=\"wpforms-container wpforms-container-full wpforms-render-modern\" id=\"wpforms-1476\"><form id=\"wpforms-form-1476\" class=\"wpforms-validate wpforms-form wpforms-ajax-form\" data-formid=\"1476\" method=\"post\" enctype=\"multipart\/form-data\" action=\"\/index.php?rest_route=%2Fwp%2Fv2%2Fpages%2F1472\" data-token=\"5834ab9d185a09f1e771d89d36151980\" data-token-time=\"1777541605\"><noscript class=\"wpforms-error-noscript\">Chcete-li vyplnit tento formul\u00e1\u0159, pros\u00edm povolte v prohl\u00ed\u017ee\u010di JavaScript.<\/noscript><div id=\"wpforms-error-noscript\" style=\"display: none;\">Chcete-li vyplnit tento formul\u00e1\u0159, pros\u00edm povolte v prohl\u00ed\u017ee\u010di JavaScript.<\/div><div class=\"wpforms-field-container\"><div id=\"wpforms-1476-field_0-container\" class=\"wpforms-field wpforms-field-name\" data-field-id=\"0\"><fieldset><legend class=\"wpforms-field-label\">Jm\u00e9no <span class=\"wpforms-required-label\" aria-hidden=\"true\">*<\/span><\/legend><div class=\"wpforms-field-row wpforms-field-medium\"><div class=\"wpforms-field-row-block wpforms-first wpforms-one-half\"><input type=\"text\" id=\"wpforms-1476-field_0\" class=\"wpforms-field-name-first wpforms-field-required\" name=\"wpforms[fields][0][first]\" aria-errormessage=\"wpforms-1476-field_0-error\" required><label for=\"wpforms-1476-field_0\" class=\"wpforms-field-sublabel after\">K\u0159estn\u00ed jm\u00e9no<\/label><\/div><div class=\"wpforms-field-row-block wpforms-one-half\"><input type=\"text\" id=\"wpforms-1476-field_0-last\" class=\"wpforms-field-name-last wpforms-field-required\" name=\"wpforms[fields][0][last]\" aria-errormessage=\"wpforms-1476-field_0-last-error\" required><label for=\"wpforms-1476-field_0-last\" class=\"wpforms-field-sublabel after\">P\u0159\u00edjmen\u00ed<\/label><\/div><\/div><\/fieldset><\/div><div id=\"wpforms-1476-field_1-container\" class=\"wpforms-field wpforms-field-email\" data-field-id=\"1\"><label class=\"wpforms-field-label\" for=\"wpforms-1476-field_1\">E-mail <span class=\"wpforms-required-label\" aria-hidden=\"true\">*<\/span><\/label><input type=\"email\" id=\"wpforms-1476-field_1\" class=\"wpforms-field-medium wpforms-field-required\" name=\"wpforms[fields][1]\" spellcheck=\"false\" aria-errormessage=\"wpforms-1476-field_1-error\" required><\/div><div id=\"wpforms-1476-field_2-container\" class=\"wpforms-field wpforms-field-textarea\" data-field-id=\"2\"><label class=\"wpforms-field-label\" for=\"wpforms-1476-field_2\">Koment\u00e1\u0159 nebo zpr\u00e1va<\/label><textarea id=\"wpforms-1476-field_2\" class=\"wpforms-field-medium\" name=\"wpforms[fields][2]\" aria-errormessage=\"wpforms-1476-field_2-error\" ><\/textarea><\/div><\/div><!-- .wpforms-field-container --><div class=\"wpforms-submit-container\" ><input type=\"hidden\" name=\"wpforms[id]\" value=\"1476\"><input type=\"hidden\" name=\"page_title\" value=\"\"><input type=\"hidden\" name=\"page_url\" value=\"https:\/\/www.iga.cz\/index.php?rest_route=\/wp\/v2\/pages\/1472\"><input type=\"hidden\" name=\"url_referer\" value=\"\"><button type=\"submit\" name=\"wpforms[submit]\" id=\"wpforms-submit-1476\" class=\"wpforms-submit\" data-alt-text=\"Odes\u00edl\u00e1ni...\" data-submit-text=\"Odeslat\" aria-live=\"assertive\" value=\"wpforms-submit\">Odeslat<\/button><img loading=\"lazy\" decoding=\"async\" src=\"https:\/\/www.iga.cz\/wp-content\/plugins\/wpforms-lite\/assets\/images\/submit-spin.svg\" class=\"wpforms-submit-spinner\" style=\"display: none;\" width=\"26\" height=\"26\" alt=\"Na\u010d\u00edt\u00e1n\u00ed\"><\/div><\/form><\/div>  <!-- .wpforms-container --><\/div><\/div> <\/div><\/div> <\/div><\/div>","protected":false},"excerpt":{"rendered":"<p>KONTAKT Ozv\u011bte se n\u00e1m a my v\u00e1m r\u00e1di porad\u00edme s rezervac\u00ed i tipy na v\u00fdlety. UBYTOVAN\u00cd Pohodln\u00e9 pokoje p\u0159\u00edmo v srdci Jind\u0159ichova Hradce. Ide\u00e1ln\u00ed pro relax i objevov\u00e1n\u00ed m\u011bsta. REZERVA\u010cN\u00cd FORMUL\u00c1\u0158 Rezervujte si sv\u016fj pobyt rychle a jednodu\u0161e online. T\u011b\u0161\u00edme se na v\u00e1s! Co vlastn\u011b d\u011bl\u00e1me? Ubytujeme&nbsp;V\u00e1s i Va\u0161e p\u0159\u00e1tele! Jednodu\u0161e, \u010distotn\u011b, levn\u011b. Mrkn\u011bte se&hellip; <br \/> <a class=\"read-more\" href=\"https:\/\/www.iga.cz\/?p=1664\">V\u00edce<\/a><\/p>\n","protected":false},"author":7,"featured_media":0,"parent":0,"menu_order":0,"comment_status":"closed","ping_status":"closed","template":"page-templates\/homepage.php","meta":{"footnotes":""},"class_list":["post-1472","page","type-page","status-publish","hentry"],"jetpack_sharing_enabled":true,"_links":{"self":[{"href":"https:\/\/www.iga.cz\/index.php?rest_route=\/wp\/v2\/pages\/1472","targetHints":{"allow":["GET"]}}],"collection":[{"href":"https:\/\/www.iga.cz\/index.php?rest_route=\/wp\/v2\/pages"}],"about":[{"href":"https:\/\/www.iga.cz\/index.php?rest_route=\/wp\/v2\/types\/page"}],"author":[{"embeddable":true,"href":"https:\/\/www.iga.cz\/index.php?rest_route=\/wp\/v2\/users\/7"}],"replies":[{"embeddable":true,"href":"https:\/\/www.iga.cz\/index.php?rest_route=%2Fwp%2Fv2%2Fcomments&post=1472"}],"version-history":[{"count":17,"href":"https:\/\/www.iga.cz\/index.php?rest_route=\/wp\/v2\/pages\/1472\/revisions"}],"predecessor-version":[{"id":1687,"href":"https:\/\/www.iga.cz\/index.php?rest_route=\/wp\/v2\/pages\/1472\/revisions\/1687"}],"wp:attachment":[{"href":"https:\/\/www.iga.cz\/index.php?rest_route=%2Fwp%2Fv2%2Fmedia&parent=1472"}],"curies":[{"name":"wp","href":"https:\/\/api.w.org\/{rel}","templated":true}]}}