{"id":122,"date":"2015-05-28T23:25:51","date_gmt":"2015-05-28T21:25:51","guid":{"rendered":"http:\/\/www.iga.cz\/?page_id=122"},"modified":"2024-09-02T20:17:14","modified_gmt":"2024-09-02T18:17:14","slug":"pesi-po-meste","status":"publish","type":"page","link":"https:\/\/www.iga.cz\/?page_id=122","title":{"rendered":"P\u011b\u0161\u00ed po m\u011bst\u011b"},"content":{"rendered":"<h2><strong><span style=\"text-decoration: underline;\">1. trasa : M\u011bsto Jind\u0159ich\u016fv Hradec<\/span><\/strong><\/h2>\n<h4><strong><a href=\"http:\/\/www.svflorian.cz\/\" target=\"_blank\" rel=\"noopener\">Sv. Flori\u00e1n &#8211; aquashow<\/a>, n\u00e1m\u011bst\u00ed M\u00edru, radnice, <a href=\"http:\/\/www.mjh.cz\/\" target=\"_blank\" rel=\"noopener\">Okresn\u00ed muzeum<\/a>, <a href=\"http:\/\/www.mfmom.cz\/\">muzeum fotografie<\/a>, kostel s vyhl\u00eddkovou v\u011b\u017e\u00ed, Pivovar &#8211; <a href=\"http:\/\/www.dumgobelinu.cz\/kontakt\" target=\"_blank\" rel=\"noopener\">D\u016fm gobel\u00edn\u016f<\/a>, <a href=\"http:\/\/www.zamek-jindrichuvhradec.eu\/\" target=\"_blank\" rel=\"noopener\">st\u00e1tn\u00ed hrad a z\u00e1mek<\/a>, Menhartova v\u011b\u017e, rondel, rybn\u00edk Vajgar, <a href=\"http:\/\/stezka.hamerskypotok.cz\/\" target=\"_blank\" rel=\"noopener\">nau\u010dn\u00e1 stezka<\/a>, <a href=\"http:\/\/bazen.jh.cz\/\" target=\"_blank\" rel=\"noopener\">plaveck\u00fd baz\u00e9n a aquapark<\/a>, m\u011bstsk\u00e9 sady, kostel sv. Jakuba, rybn\u00edky Pol\u00edvky, leti\u0161t\u011b.<\/strong><\/h4>\n<h2><strong><span style=\"text-decoration: underline;\">2. trasa : Putov\u00e1n\u00ed po hospod\u00e1ch v Jind\u0159ichov\u011b Hradci<\/span><\/strong><\/h2>\n<h4><strong><a href=\"http:\/\/www.usmiku.cz\/\" target=\"_blank\" rel=\"noopener\">U \u0160mik\u016f<\/a>, Kozlovna, U Papou\u0161k\u016f, Pod v\u011b\u017e\u00ed, U \u010dern\u00e9ho pt\u00e1ka, Zlat\u00e1 Husa, Grand hotel, Bistro pod hradem, a mnoho dal\u0161\u00edch&#8230;&#8230;<\/strong><\/h4>\n<h4>\u00a0<\/h4>\n\n\n<figure class=\"wp-block-video\"><video height=\"480\" style=\"aspect-ratio: 848 \/ 480;\" width=\"848\" autoplay controls loop src=\"https:\/\/www.iga.cz\/wp-content\/uploads\/2024\/09\/WhatsApp-Video-2024-09-02-at-20.08.26.mp4\" playsinline><\/video><\/figure>\n","protected":false},"excerpt":{"rendered":"<p>1. trasa : M\u011bsto Jind\u0159ich\u016fv Hradec Sv. Flori\u00e1n &#8211; aquashow, n\u00e1m\u011bst\u00ed M\u00edru, radnice, Okresn\u00ed muzeum, muzeum fotografie, kostel s vyhl\u00eddkovou v\u011b\u017e\u00ed, Pivovar &#8211; D\u016fm gobel\u00edn\u016f, st\u00e1tn\u00ed hrad a z\u00e1mek, Menhartova v\u011b\u017e, rondel, rybn\u00edk Vajgar, nau\u010dn\u00e1 stezka, plaveck\u00fd baz\u00e9n a aquapark, m\u011bstsk\u00e9 sady, kostel sv. Jakuba, rybn\u00edky Pol\u00edvky, leti\u0161t\u011b. 2. trasa : Putov\u00e1n\u00ed po hospod\u00e1ch v&hellip; <br \/> <a class=\"read-more\" href=\"https:\/\/www.iga.cz\/?page_id=122\">V\u00edce<\/a><\/p>\n","protected":false},"author":2,"featured_media":0,"parent":19,"menu_order":0,"comment_status":"closed","ping_status":"open","template":"","meta":{"footnotes":""},"class_list":["post-122","page","type-page","status-publish","hentry"],"jetpack_sharing_enabled":true,"_links":{"self":[{"href":"https:\/\/www.iga.cz\/index.php?rest_route=\/wp\/v2\/pages\/122","targetHints":{"allow":["GET"]}}],"collection":[{"href":"https:\/\/www.iga.cz\/index.php?rest_route=\/wp\/v2\/pages"}],"about":[{"href":"https:\/\/www.iga.cz\/index.php?rest_route=\/wp\/v2\/types\/page"}],"author":[{"embeddable":true,"href":"https:\/\/www.iga.cz\/index.php?rest_route=\/wp\/v2\/users\/2"}],"replies":[{"embeddable":true,"href":"https:\/\/www.iga.cz\/index.php?rest_route=%2Fwp%2Fv2%2Fcomments&post=122"}],"version-history":[{"count":15,"href":"https:\/\/www.iga.cz\/index.php?rest_route=\/wp\/v2\/pages\/122\/revisions"}],"predecessor-version":[{"id":1648,"href":"https:\/\/www.iga.cz\/index.php?rest_route=\/wp\/v2\/pages\/122\/revisions\/1648"}],"up":[{"embeddable":true,"href":"https:\/\/www.iga.cz\/index.php?rest_route=\/wp\/v2\/pages\/19"}],"wp:attachment":[{"href":"https:\/\/www.iga.cz\/index.php?rest_route=%2Fwp%2Fv2%2Fmedia&parent=122"}],"curies":[{"name":"wp","href":"https:\/\/api.w.org\/{rel}","templated":true}]}}